{"id":469,"date":"2022-07-11T23:50:19","date_gmt":"2022-07-11T21:50:19","guid":{"rendered":"https:\/\/www.cloe-assist.eu\/cloe-assist\/?page_id=469"},"modified":"2022-10-03T17:32:02","modified_gmt":"2022-10-03T15:32:02","slug":"mentions-legales","status":"publish","type":"page","link":"https:\/\/www.cloe-assist.eu\/cloe-assist\/mentions-legales\/","title":{"rendered":"Mentions l\u00e9gales"},"content":{"rendered":"<p>[et_pb_section fb_built=\u00a0\u00bb1&Prime; fullwidth=\u00a0\u00bbon\u00a0\u00bb admin_label=\u00a0\u00bbPage Header\u00a0\u00bb _builder_version=\u00a0\u00bb4.17.3&Prime; _module_preset=\u00a0\u00bbdefault\u00a0\u00bb background_color=\u00a0\u00bb#00808f\u00a0\u00bb parallax=\u00a0\u00bbon\u00a0\u00bb bottom_divider_flip=\u00a0\u00bbhorizontal|vertical\u00a0\u00bb animation_direction=\u00a0\u00bbtop\u00a0\u00bb global_colors_info=\u00a0\u00bb{}\u00a0\u00bb][et_pb_fullwidth_header title=\u00a0\u00bbMentions l\u00e9gales\u00a0\u00bb text_orientation=\u00a0\u00bbcenter\u00a0\u00bb admin_label=\u00a0\u00bbHero Section\u00a0\u00bb _builder_version=\u00a0\u00bb4.17.3&Prime; _module_preset=\u00a0\u00bbdefault\u00a0\u00bb title_font=\u00a0\u00bbMontserrat|on|||\u00a0\u00bb title_font_size=\u00a0\u00bb45px\u00a0\u00bb title_line_height=\u00a0\u00bb1.4em\u00a0\u00bb content_font_size=\u00a0\u00bb22px\u00a0\u00bb subhead_font=\u00a0\u00bb||||\u00a0\u00bb background_color=\u00a0\u00bbrgba(255,255,255,0)\u00a0\u00bb custom_button_one=\u00a0\u00bbon\u00a0\u00bb button_one_text_size=\u00a0\u00bb16px\u00a0\u00bb button_one_bg_color=\u00a0\u00bb#6eba01&Prime; button_one_border_width=\u00a0\u00bb2px\u00a0\u00bb button_one_border_color=\u00a0\u00bb#6eba01&Prime; button_one_border_radius=\u00a0\u00bb0&Prime; button_one_letter_spacing=\u00a0\u00bb2&Prime; button_one_font=\u00a0\u00bbMontserrat|||on|\u00a0\u00bb button_one_use_icon=\u00a0\u00bboff\u00a0\u00bb custom_button_two=\u00a0\u00bbon\u00a0\u00bb button_two_text_size=\u00a0\u00bb16px\u00a0\u00bb button_two_border_width=\u00a0\u00bb2px\u00a0\u00bb button_two_border_color=\u00a0\u00bb#ffffff\u00a0\u00bb button_two_border_radius=\u00a0\u00bb0&Prime; button_two_letter_spacing=\u00a0\u00bb2&Prime; button_two_font=\u00a0\u00bbMontserrat|||on|\u00a0\u00bb button_two_use_icon=\u00a0\u00bboff\u00a0\u00bb module_alignment=\u00a0\u00bbcenter\u00a0\u00bb height=\u00a0\u00bb160px\u00a0\u00bb custom_padding=\u00a0\u00bb16px||0px||false|false\u00a0\u00bb animation_style=\u00a0\u00bbfade\u00a0\u00bb title_font_size_tablet=\u00a0\u00bb\u00a0\u00bb title_font_size_phone=\u00a0\u00bb48px\u00a0\u00bb title_font_size_last_edited=\u00a0\u00bbon|phone\u00a0\u00bb button_one_text_color_hover=\u00a0\u00bb#6eba01&Prime; button_two_text_color_hover=\u00a0\u00bb#6eba01&Prime; button_one_border_color_hover=\u00a0\u00bb#ffffff\u00a0\u00bb button_two_border_color_hover=\u00a0\u00bb#ffffff\u00a0\u00bb button_one_border_radius_hover=\u00a0\u00bb0&Prime; button_two_border_radius_hover=\u00a0\u00bb0&Prime; button_one_letter_spacing_hover=\u00a0\u00bb2&Prime; button_two_letter_spacing_hover=\u00a0\u00bb2&Prime; button_one_bg_color_hover=\u00a0\u00bb#ffffff\u00a0\u00bb button_two_bg_color_hover=\u00a0\u00bb#ffffff\u00a0\u00bb global_colors_info=\u00a0\u00bb{}\u00a0\u00bb button_one_text_size__hover_enabled=\u00a0\u00bboff\u00a0\u00bb button_two_text_size__hover_enabled=\u00a0\u00bboff\u00a0\u00bb button_one_text_color__hover_enabled=\u00a0\u00bbon\u00a0\u00bb button_one_text_color__hover=\u00a0\u00bb#6eba01&Prime; button_two_text_color__hover_enabled=\u00a0\u00bbon\u00a0\u00bb button_two_text_color__hover=\u00a0\u00bb#6eba01&Prime; button_one_border_width__hover_enabled=\u00a0\u00bboff\u00a0\u00bb button_two_border_width__hover_enabled=\u00a0\u00bboff\u00a0\u00bb button_one_border_color__hover_enabled=\u00a0\u00bbon\u00a0\u00bb button_one_border_color__hover=\u00a0\u00bb#ffffff\u00a0\u00bb button_two_border_color__hover_enabled=\u00a0\u00bbon\u00a0\u00bb button_two_border_color__hover=\u00a0\u00bb#ffffff\u00a0\u00bb button_one_border_radius__hover_enabled=\u00a0\u00bbon\u00a0\u00bb button_one_border_radius__hover=\u00a0\u00bb0&Prime; button_two_border_radius__hover_enabled=\u00a0\u00bbon\u00a0\u00bb button_two_border_radius__hover=\u00a0\u00bb0&Prime; button_one_letter_spacing__hover_enabled=\u00a0\u00bbon\u00a0\u00bb button_one_letter_spacing__hover=\u00a0\u00bb2&Prime; button_two_letter_spacing__hover_enabled=\u00a0\u00bbon\u00a0\u00bb button_two_letter_spacing__hover=\u00a0\u00bb2&Prime; button_one_bg_color__hover_enabled=\u00a0\u00bbon\u00a0\u00bb button_one_bg_color__hover=\u00a0\u00bb#ffffff\u00a0\u00bb button_two_bg_color__hover_enabled=\u00a0\u00bbon\u00a0\u00bb button_two_bg_color__hover=\u00a0\u00bb#ffffff\u00a0\u00bb][\/et_pb_fullwidth_header][\/et_pb_section][et_pb_section fb_built=\u00a0\u00bb1&Prime; admin_label=\u00a0\u00bbContact\u00a0\u00bb _builder_version=\u00a0\u00bb4.17.3&Prime; _module_preset=\u00a0\u00bbdefault\u00a0\u00bb background_color=\u00a0\u00bb#fdfbf9&Prime; custom_padding=\u00a0\u00bb9px||23px|||\u00a0\u00bb global_colors_info=\u00a0\u00bb{}\u00a0\u00bb][et_pb_row _builder_version=\u00a0\u00bb4.17.3&Prime; _module_preset=\u00a0\u00bbdefault\u00a0\u00bb global_colors_info=\u00a0\u00bb{}\u00a0\u00bb][et_pb_column type=\u00a0\u00bb4_4&Prime; _builder_version=\u00a0\u00bb4.17.3&Prime; _module_preset=\u00a0\u00bbdefault\u00a0\u00bb global_colors_info=\u00a0\u00bb{}\u00a0\u00bb][et_pb_text _builder_version=\u00a0\u00bb4.17.3&Prime; _module_preset=\u00a0\u00bbdefault\u00a0\u00bb global_colors_info=\u00a0\u00bb{}\u00a0\u00bb]<\/p>\n<div class=\"et_pb_row et_pb_row_0\">\n<div class=\"et_pb_column et_pb_column_4_4 et_pb_column_0  et_pb_css_mix_blend_mode_passthrough et-last-child\">\n<div class=\"et_pb_module et_pb_text et_pb_text_0  et_pb_text_align_left et_pb_bg_layout_light\">\n<div class=\"et_pb_text_inner\">\n<p class=\"p1\"><strong><span class=\"s1\">Editeur du site :<span> Clo\u00e9 assist<br \/><\/span><\/span><\/strong>SIRET\u00a0 : 538\u00a0 254\u00a0 764 00029<br \/>TVA intracommunautaire\u00a0 : FR66538254764<br \/>Couveuse NUNA \u2013 B\u00e9n\u00e9ficiaire d\u2019un Contrat CAPE du 24\/06\/2022 au 23\/06\/2023 &#8211; 320 rue des Sorbiers 74300 Thyez<\/p>\n<p class=\"p1\"><strong>H\u00e9bergement et r\u00e9alisation du site :<\/strong> <a href=\"http:\/\/www.netserveurs.net\/\">Netserveurs.com<\/a><\/p>\n<p class=\"p1\"><strong>Cr\u00e9dits Photos : <\/strong>photographie de Clo\u00e9 : Lionel Hausseguy<br \/>et Adobe Stock sous licence Creative Cloud.<\/p>\n<\/div>\n<\/div>\n<\/div>\n<\/div>\n<p>[\/et_pb_text][\/et_pb_column][\/et_pb_row][\/et_pb_section]<\/p>\n","protected":false},"excerpt":{"rendered":"<p>Editeur du site : Clo\u00e9 assistSIRET\u00a0 : 538\u00a0 254\u00a0 764 00029TVA intracommunautaire\u00a0 : FR66538254764Couveuse NUNA \u2013 B\u00e9n\u00e9ficiaire d\u2019un Contrat CAPE du 24\/06\/2022 au 23\/06\/2023 &#8211; 320 rue des Sorbiers 74300 Thyez H\u00e9bergement et r\u00e9alisation du site : Netserveurs.com Cr\u00e9dits Photos : photographie de Clo\u00e9 : Lionel Hausseguyet Adobe Stock sous licence Creative Cloud.<\/p>\n","protected":false},"author":1,"featured_media":0,"parent":0,"menu_order":0,"comment_status":"closed","ping_status":"closed","template":"","meta":{"_et_pb_use_builder":"on","_et_pb_old_content":"","_et_gb_content_width":"","inline_featured_image":false,"footnotes":""},"class_list":["post-469","page","type-page","status-publish","hentry"],"yoast_head":"<!-- This site is optimized with the Yoast SEO plugin v27.3 - https:\/\/yoast.com\/product\/yoast-seo-wordpress\/ -->\n<title>Mentions l\u00e9gales - Cloe Assist<\/title>\n<meta name=\"robots\" content=\"index, follow, max-snippet:-1, max-image-preview:large, max-video-preview:-1\" \/>\n<link rel=\"canonical\" href=\"https:\/\/www.cloe-assist.eu\/cloe-assist\/mentions-legales\/\" \/>\n<meta property=\"og:locale\" content=\"fr_FR\" \/>\n<meta property=\"og:type\" content=\"article\" \/>\n<meta property=\"og:title\" content=\"Mentions l\u00e9gales - Cloe Assist\" \/>\n<meta property=\"og:description\" content=\"Editeur du site : Clo\u00e9 assistSIRET\u00a0 : 538\u00a0 254\u00a0 764 00029TVA intracommunautaire\u00a0 : FR66538254764Couveuse NUNA \u2013 B\u00e9n\u00e9ficiaire d\u2019un Contrat CAPE du 24\/06\/2022 au 23\/06\/2023 - 320 rue des Sorbiers 74300 Thyez H\u00e9bergement et r\u00e9alisation du site : Netserveurs.com Cr\u00e9dits Photos : photographie de Clo\u00e9 : Lionel Hausseguyet Adobe Stock sous licence Creative Cloud.\" \/>\n<meta property=\"og:url\" content=\"https:\/\/www.cloe-assist.eu\/cloe-assist\/mentions-legales\/\" \/>\n<meta property=\"og:site_name\" content=\"Cloe Assist\" \/>\n<meta property=\"article:publisher\" content=\"https:\/\/www.facebook.com\/cloeassist\" \/>\n<meta property=\"article:modified_time\" content=\"2022-10-03T15:32:02+00:00\" \/>\n<meta name=\"twitter:card\" content=\"summary_large_image\" \/>\n<meta name=\"twitter:label1\" content=\"Dur\u00e9e de lecture estim\u00e9e\" \/>\n\t<meta name=\"twitter:data1\" content=\"3 minutes\" \/>\n<script type=\"application\/ld+json\" class=\"yoast-schema-graph\">{\"@context\":\"https:\\\/\\\/schema.org\",\"@graph\":[{\"@type\":\"WebPage\",\"@id\":\"https:\\\/\\\/www.cloe-assist.eu\\\/cloe-assist\\\/mentions-legales\\\/\",\"url\":\"https:\\\/\\\/www.cloe-assist.eu\\\/cloe-assist\\\/mentions-legales\\\/\",\"name\":\"Mentions l\u00e9gales - Cloe Assist\",\"isPartOf\":{\"@id\":\"https:\\\/\\\/www.cloe-assist.eu\\\/cloe-assist\\\/#website\"},\"datePublished\":\"2022-07-11T21:50:19+00:00\",\"dateModified\":\"2022-10-03T15:32:02+00:00\",\"breadcrumb\":{\"@id\":\"https:\\\/\\\/www.cloe-assist.eu\\\/cloe-assist\\\/mentions-legales\\\/#breadcrumb\"},\"inLanguage\":\"fr-FR\",\"potentialAction\":[{\"@type\":\"ReadAction\",\"target\":[\"https:\\\/\\\/www.cloe-assist.eu\\\/cloe-assist\\\/mentions-legales\\\/\"]}]},{\"@type\":\"BreadcrumbList\",\"@id\":\"https:\\\/\\\/www.cloe-assist.eu\\\/cloe-assist\\\/mentions-legales\\\/#breadcrumb\",\"itemListElement\":[{\"@type\":\"ListItem\",\"position\":1,\"name\":\"Accueil\",\"item\":\"https:\\\/\\\/www.cloe-assist.eu\\\/cloe-assist\\\/\"},{\"@type\":\"ListItem\",\"position\":2,\"name\":\"Mentions l\u00e9gales\"}]},{\"@type\":\"WebSite\",\"@id\":\"https:\\\/\\\/www.cloe-assist.eu\\\/cloe-assist\\\/#website\",\"url\":\"https:\\\/\\\/www.cloe-assist.eu\\\/cloe-assist\\\/\",\"name\":\"Cloe Assist\",\"description\":\"Votre couteau suisse administratif\",\"publisher\":{\"@id\":\"https:\\\/\\\/www.cloe-assist.eu\\\/cloe-assist\\\/#organization\"},\"potentialAction\":[{\"@type\":\"SearchAction\",\"target\":{\"@type\":\"EntryPoint\",\"urlTemplate\":\"https:\\\/\\\/www.cloe-assist.eu\\\/cloe-assist\\\/?s={search_term_string}\"},\"query-input\":{\"@type\":\"PropertyValueSpecification\",\"valueRequired\":true,\"valueName\":\"search_term_string\"}}],\"inLanguage\":\"fr-FR\"},{\"@type\":\"Organization\",\"@id\":\"https:\\\/\\\/www.cloe-assist.eu\\\/cloe-assist\\\/#organization\",\"name\":\"Cloe Assist\",\"url\":\"https:\\\/\\\/www.cloe-assist.eu\\\/cloe-assist\\\/\",\"logo\":{\"@type\":\"ImageObject\",\"inLanguage\":\"fr-FR\",\"@id\":\"https:\\\/\\\/www.cloe-assist.eu\\\/cloe-assist\\\/#\\\/schema\\\/logo\\\/image\\\/\",\"url\":\"https:\\\/\\\/www.cloe-assist.eu\\\/cloe-assist\\\/wp-content\\\/uploads\\\/2022\\\/06\\\/logo-cloe-assist.png\",\"contentUrl\":\"https:\\\/\\\/www.cloe-assist.eu\\\/cloe-assist\\\/wp-content\\\/uploads\\\/2022\\\/06\\\/logo-cloe-assist.png\",\"width\":500,\"height\":112,\"caption\":\"Cloe Assist\"},\"image\":{\"@id\":\"https:\\\/\\\/www.cloe-assist.eu\\\/cloe-assist\\\/#\\\/schema\\\/logo\\\/image\\\/\"},\"sameAs\":[\"https:\\\/\\\/www.facebook.com\\\/cloeassist\"]}]}<\/script>\n<!-- \/ Yoast SEO plugin. -->","yoast_head_json":{"title":"Mentions l\u00e9gales - Cloe Assist","robots":{"index":"index","follow":"follow","max-snippet":"max-snippet:-1","max-image-preview":"max-image-preview:large","max-video-preview":"max-video-preview:-1"},"canonical":"https:\/\/www.cloe-assist.eu\/cloe-assist\/mentions-legales\/","og_locale":"fr_FR","og_type":"article","og_title":"Mentions l\u00e9gales - Cloe Assist","og_description":"Editeur du site : Clo\u00e9 assistSIRET\u00a0 : 538\u00a0 254\u00a0 764 00029TVA intracommunautaire\u00a0 : FR66538254764Couveuse NUNA \u2013 B\u00e9n\u00e9ficiaire d\u2019un Contrat CAPE du 24\/06\/2022 au 23\/06\/2023 - 320 rue des Sorbiers 74300 Thyez H\u00e9bergement et r\u00e9alisation du site : Netserveurs.com Cr\u00e9dits Photos : photographie de Clo\u00e9 : Lionel Hausseguyet Adobe Stock sous licence Creative Cloud.","og_url":"https:\/\/www.cloe-assist.eu\/cloe-assist\/mentions-legales\/","og_site_name":"Cloe Assist","article_publisher":"https:\/\/www.facebook.com\/cloeassist","article_modified_time":"2022-10-03T15:32:02+00:00","twitter_card":"summary_large_image","twitter_misc":{"Dur\u00e9e de lecture estim\u00e9e":"3 minutes"},"schema":{"@context":"https:\/\/schema.org","@graph":[{"@type":"WebPage","@id":"https:\/\/www.cloe-assist.eu\/cloe-assist\/mentions-legales\/","url":"https:\/\/www.cloe-assist.eu\/cloe-assist\/mentions-legales\/","name":"Mentions l\u00e9gales - Cloe Assist","isPartOf":{"@id":"https:\/\/www.cloe-assist.eu\/cloe-assist\/#website"},"datePublished":"2022-07-11T21:50:19+00:00","dateModified":"2022-10-03T15:32:02+00:00","breadcrumb":{"@id":"https:\/\/www.cloe-assist.eu\/cloe-assist\/mentions-legales\/#breadcrumb"},"inLanguage":"fr-FR","potentialAction":[{"@type":"ReadAction","target":["https:\/\/www.cloe-assist.eu\/cloe-assist\/mentions-legales\/"]}]},{"@type":"BreadcrumbList","@id":"https:\/\/www.cloe-assist.eu\/cloe-assist\/mentions-legales\/#breadcrumb","itemListElement":[{"@type":"ListItem","position":1,"name":"Accueil","item":"https:\/\/www.cloe-assist.eu\/cloe-assist\/"},{"@type":"ListItem","position":2,"name":"Mentions l\u00e9gales"}]},{"@type":"WebSite","@id":"https:\/\/www.cloe-assist.eu\/cloe-assist\/#website","url":"https:\/\/www.cloe-assist.eu\/cloe-assist\/","name":"Cloe Assist","description":"Votre couteau suisse administratif","publisher":{"@id":"https:\/\/www.cloe-assist.eu\/cloe-assist\/#organization"},"potentialAction":[{"@type":"SearchAction","target":{"@type":"EntryPoint","urlTemplate":"https:\/\/www.cloe-assist.eu\/cloe-assist\/?s={search_term_string}"},"query-input":{"@type":"PropertyValueSpecification","valueRequired":true,"valueName":"search_term_string"}}],"inLanguage":"fr-FR"},{"@type":"Organization","@id":"https:\/\/www.cloe-assist.eu\/cloe-assist\/#organization","name":"Cloe Assist","url":"https:\/\/www.cloe-assist.eu\/cloe-assist\/","logo":{"@type":"ImageObject","inLanguage":"fr-FR","@id":"https:\/\/www.cloe-assist.eu\/cloe-assist\/#\/schema\/logo\/image\/","url":"https:\/\/www.cloe-assist.eu\/cloe-assist\/wp-content\/uploads\/2022\/06\/logo-cloe-assist.png","contentUrl":"https:\/\/www.cloe-assist.eu\/cloe-assist\/wp-content\/uploads\/2022\/06\/logo-cloe-assist.png","width":500,"height":112,"caption":"Cloe Assist"},"image":{"@id":"https:\/\/www.cloe-assist.eu\/cloe-assist\/#\/schema\/logo\/image\/"},"sameAs":["https:\/\/www.facebook.com\/cloeassist"]}]}},"_links":{"self":[{"href":"https:\/\/www.cloe-assist.eu\/cloe-assist\/wp-json\/wp\/v2\/pages\/469","targetHints":{"allow":["GET"]}}],"collection":[{"href":"https:\/\/www.cloe-assist.eu\/cloe-assist\/wp-json\/wp\/v2\/pages"}],"about":[{"href":"https:\/\/www.cloe-assist.eu\/cloe-assist\/wp-json\/wp\/v2\/types\/page"}],"author":[{"embeddable":true,"href":"https:\/\/www.cloe-assist.eu\/cloe-assist\/wp-json\/wp\/v2\/users\/1"}],"replies":[{"embeddable":true,"href":"https:\/\/www.cloe-assist.eu\/cloe-assist\/wp-json\/wp\/v2\/comments?post=469"}],"version-history":[{"count":8,"href":"https:\/\/www.cloe-assist.eu\/cloe-assist\/wp-json\/wp\/v2\/pages\/469\/revisions"}],"predecessor-version":[{"id":925,"href":"https:\/\/www.cloe-assist.eu\/cloe-assist\/wp-json\/wp\/v2\/pages\/469\/revisions\/925"}],"wp:attachment":[{"href":"https:\/\/www.cloe-assist.eu\/cloe-assist\/wp-json\/wp\/v2\/media?parent=469"}],"curies":[{"name":"wp","href":"https:\/\/api.w.org\/{rel}","templated":true}]}}