{"id":291,"date":"2022-06-28T11:24:11","date_gmt":"2022-06-28T09:24:11","guid":{"rendered":"https:\/\/www.cloe-assist.eu\/cloe-assist\/?page_id=291"},"modified":"2022-07-15T11:39:51","modified_gmt":"2022-07-15T09:39:51","slug":"avantages","status":"publish","type":"page","link":"https:\/\/www.cloe-assist.eu\/cloe-assist\/avantages\/","title":{"rendered":"Avantages"},"content":{"rendered":"<p>[et_pb_section fb_built=\u00a0\u00bb1&Prime; fullwidth=\u00a0\u00bbon\u00a0\u00bb admin_label=\u00a0\u00bbPage Header\u00a0\u00bb _builder_version=\u00a0\u00bb4.17.3&Prime; _module_preset=\u00a0\u00bbdefault\u00a0\u00bb background_color=\u00a0\u00bb#00808f\u00a0\u00bb parallax=\u00a0\u00bbon\u00a0\u00bb bottom_divider_flip=\u00a0\u00bbhorizontal|vertical\u00a0\u00bb animation_direction=\u00a0\u00bbtop\u00a0\u00bb global_colors_info=\u00a0\u00bb{}\u00a0\u00bb][et_pb_fullwidth_header title=\u00a0\u00bbAvantages\u00a0\u00bb text_orientation=\u00a0\u00bbcenter\u00a0\u00bb admin_label=\u00a0\u00bbHero Section\u00a0\u00bb _builder_version=\u00a0\u00bb4.17.3&Prime; _module_preset=\u00a0\u00bbdefault\u00a0\u00bb title_font=\u00a0\u00bbMontserrat|on|||\u00a0\u00bb title_font_size=\u00a0\u00bb60px\u00a0\u00bb title_line_height=\u00a0\u00bb1.4em\u00a0\u00bb content_font_size=\u00a0\u00bb22px\u00a0\u00bb subhead_font=\u00a0\u00bb||||\u00a0\u00bb background_color=\u00a0\u00bbrgba(255,255,255,0)\u00a0\u00bb custom_button_one=\u00a0\u00bbon\u00a0\u00bb button_one_text_size=\u00a0\u00bb16px\u00a0\u00bb button_one_bg_color=\u00a0\u00bb#6eba01&Prime; button_one_border_width=\u00a0\u00bb2px\u00a0\u00bb button_one_border_color=\u00a0\u00bb#6eba01&Prime; button_one_border_radius=\u00a0\u00bb0&Prime; button_one_letter_spacing=\u00a0\u00bb2&Prime; button_one_font=\u00a0\u00bbMontserrat|||on|\u00a0\u00bb button_one_use_icon=\u00a0\u00bboff\u00a0\u00bb custom_button_two=\u00a0\u00bbon\u00a0\u00bb button_two_text_size=\u00a0\u00bb16px\u00a0\u00bb button_two_border_width=\u00a0\u00bb2px\u00a0\u00bb button_two_border_color=\u00a0\u00bb#ffffff\u00a0\u00bb button_two_border_radius=\u00a0\u00bb0&Prime; button_two_letter_spacing=\u00a0\u00bb2&Prime; button_two_font=\u00a0\u00bbMontserrat|||on|\u00a0\u00bb button_two_use_icon=\u00a0\u00bboff\u00a0\u00bb module_alignment=\u00a0\u00bbcenter\u00a0\u00bb height=\u00a0\u00bb160px\u00a0\u00bb custom_padding=\u00a0\u00bb10px||15px||false|false\u00a0\u00bb animation_style=\u00a0\u00bbfade\u00a0\u00bb title_font_size_tablet=\u00a0\u00bb\u00a0\u00bb title_font_size_phone=\u00a0\u00bb48px\u00a0\u00bb title_font_size_last_edited=\u00a0\u00bbon|phone\u00a0\u00bb button_one_text_color_hover=\u00a0\u00bb#6eba01&Prime; button_two_text_color_hover=\u00a0\u00bb#6eba01&Prime; button_one_border_color_hover=\u00a0\u00bb#ffffff\u00a0\u00bb button_two_border_color_hover=\u00a0\u00bb#ffffff\u00a0\u00bb button_one_border_radius_hover=\u00a0\u00bb0&Prime; button_two_border_radius_hover=\u00a0\u00bb0&Prime; button_one_letter_spacing_hover=\u00a0\u00bb2&Prime; button_two_letter_spacing_hover=\u00a0\u00bb2&Prime; button_one_bg_color_hover=\u00a0\u00bb#ffffff\u00a0\u00bb button_two_bg_color_hover=\u00a0\u00bb#ffffff\u00a0\u00bb global_colors_info=\u00a0\u00bb{}\u00a0\u00bb button_one_text_size__hover_enabled=\u00a0\u00bboff\u00a0\u00bb button_two_text_size__hover_enabled=\u00a0\u00bboff\u00a0\u00bb button_one_text_color__hover_enabled=\u00a0\u00bbon\u00a0\u00bb button_one_text_color__hover=\u00a0\u00bb#6eba01&Prime; button_two_text_color__hover_enabled=\u00a0\u00bbon\u00a0\u00bb button_two_text_color__hover=\u00a0\u00bb#6eba01&Prime; button_one_border_width__hover_enabled=\u00a0\u00bboff\u00a0\u00bb button_two_border_width__hover_enabled=\u00a0\u00bboff\u00a0\u00bb button_one_border_color__hover_enabled=\u00a0\u00bbon\u00a0\u00bb button_one_border_color__hover=\u00a0\u00bb#ffffff\u00a0\u00bb button_two_border_color__hover_enabled=\u00a0\u00bbon\u00a0\u00bb button_two_border_color__hover=\u00a0\u00bb#ffffff\u00a0\u00bb button_one_border_radius__hover_enabled=\u00a0\u00bbon\u00a0\u00bb button_one_border_radius__hover=\u00a0\u00bb0&Prime; button_two_border_radius__hover_enabled=\u00a0\u00bbon\u00a0\u00bb button_two_border_radius__hover=\u00a0\u00bb0&Prime; button_one_letter_spacing__hover_enabled=\u00a0\u00bbon\u00a0\u00bb button_one_letter_spacing__hover=\u00a0\u00bb2&Prime; button_two_letter_spacing__hover_enabled=\u00a0\u00bbon\u00a0\u00bb button_two_letter_spacing__hover=\u00a0\u00bb2&Prime; button_one_bg_color__hover_enabled=\u00a0\u00bbon\u00a0\u00bb button_one_bg_color__hover=\u00a0\u00bb#ffffff\u00a0\u00bb button_two_bg_color__hover_enabled=\u00a0\u00bbon\u00a0\u00bb button_two_bg_color__hover=\u00a0\u00bb#ffffff\u00a0\u00bb][\/et_pb_fullwidth_header][\/et_pb_section][et_pb_section fb_built=\u00a0\u00bb1&Prime; _builder_version=\u00a0\u00bb4.17.3&Prime; _module_preset=\u00a0\u00bbdefault\u00a0\u00bb background_color=\u00a0\u00bb#fdfbf9&Prime; custom_padding=\u00a0\u00bb||30px|||\u00a0\u00bb global_colors_info=\u00a0\u00bb{}\u00a0\u00bb][et_pb_row column_structure=\u00a0\u00bb1_3,1_3,1_3&Prime; use_custom_gutter=\u00a0\u00bbon\u00a0\u00bb gutter_width=\u00a0\u00bb2&Prime; make_equal=\u00a0\u00bbon\u00a0\u00bb _builder_version=\u00a0\u00bb4.17.3&Prime; _module_preset=\u00a0\u00bbdefault\u00a0\u00bb width=\u00a0\u00bb90%\u00a0\u00bb max_width=\u00a0\u00bb90%\u00a0\u00bb module_alignment=\u00a0\u00bbcenter\u00a0\u00bb custom_margin=\u00a0\u00bb0px|auto||auto|false|false\u00a0\u00bb custom_padding=\u00a0\u00bb0px||||false|false\u00a0\u00bb global_module=\u00a0\u00bb347&Prime; saved_tabs=\u00a0\u00bball\u00a0\u00bb global_colors_info=\u00a0\u00bb{}\u00a0\u00bb][et_pb_column type=\u00a0\u00bb1_3&Prime; _builder_version=\u00a0\u00bb4.17.3&Prime; _module_preset=\u00a0\u00bbdefault\u00a0\u00bb global_colors_info=\u00a0\u00bb{}\u00a0\u00bb][et_pb_blurb title=\u00a0\u00bbGain de temps et flexibilit\u00e9\u00a0\u00bb image=\u00a0\u00bbhttps:\/\/www.cloe-assist.eu\/cloe-assist\/wp-content\/uploads\/2022\/07\/Fichier-91x.svg\u00a0\u00bb image_icon_width=\u00a0\u00bb25%\u00a0\u00bb _builder_version=\u00a0\u00bb4.17.3&Prime; _module_preset=\u00a0\u00bbdefault\u00a0\u00bb header_font=\u00a0\u00bbMontserrat|||on|||||\u00a0\u00bb header_text_align=\u00a0\u00bbcenter\u00a0\u00bb header_text_color=\u00a0\u00bb#00808f\u00a0\u00bb header_font_size=\u00a0\u00bb20px\u00a0\u00bb header_letter_spacing=\u00a0\u00bb1px\u00a0\u00bb background_color=\u00a0\u00bbrgba(35,211,194,0.28)\u00a0\u00bb min_height=\u00a0\u00bb420px\u00a0\u00bb custom_padding=\u00a0\u00bb25px|20px|25px|20px|false|false\u00a0\u00bb hover_transition_delay=\u00a0\u00bb50ms\u00a0\u00bb hover_enabled=\u00a0\u00bb0&Prime; sticky_position_tablet=\u00a0\u00bb\u00a0\u00bb sticky_position_phone=\u00a0\u00bb\u00a0\u00bb sticky_position_last_edited=\u00a0\u00bbon|desktop\u00a0\u00bb border_radii=\u00a0\u00bbon|15px|15px|15px|15px\u00a0\u00bb global_colors_info=\u00a0\u00bb{}\u00a0\u00bb background__hover_enabled=\u00a0\u00bbon|hover\u00a0\u00bb background_color__hover=\u00a0\u00bbrgba(35,211,194,0.28)\u00a0\u00bb background_enable_color__hover=\u00a0\u00bbon\u00a0\u00bb sticky_enabled=\u00a0\u00bb0&Prime;]<\/p>\n<p style=\"text-align: justify;\">Que vous ayez besoin d\u2019un soutien administratif de quelques heures par semaine ou par mois, pour les t\u00e2ches r\u00e9currentes ou le surcro\u00eet de travail ponctuel, Clo\u00e9 Assist c\u2019est LA solution flexible pour gagner du temps sur cet aspect chronophage de votre entreprise.<\/p>\n<p>[\/et_pb_blurb][\/et_pb_column][et_pb_column type=\u00a0\u00bb1_3&Prime; _builder_version=\u00a0\u00bb4.17.3&Prime; _module_preset=\u00a0\u00bbdefault\u00a0\u00bb global_colors_info=\u00a0\u00bb{}\u00a0\u00bb][et_pb_blurb title=\u00a0\u00bbsimplicit\u00e9 et s\u00e9curit\u00e9\u00a0\u00bb image=\u00a0\u00bbhttps:\/\/www.cloe-assist.eu\/cloe-assist\/wp-content\/uploads\/2022\/07\/Fichier-111x.svg\u00a0\u00bb image_icon_width=\u00a0\u00bb25%\u00a0\u00bb _builder_version=\u00a0\u00bb4.17.3&Prime; _module_preset=\u00a0\u00bbdefault\u00a0\u00bb header_font=\u00a0\u00bbMontserrat|||on|||||\u00a0\u00bb header_text_align=\u00a0\u00bbcenter\u00a0\u00bb header_text_color=\u00a0\u00bb#00808f\u00a0\u00bb header_font_size=\u00a0\u00bb20px\u00a0\u00bb header_letter_spacing=\u00a0\u00bb1px\u00a0\u00bb background_color=\u00a0\u00bbrgba(35,211,194,0.28)\u00a0\u00bb height=\u00a0\u00bb420px\u00a0\u00bb custom_padding=\u00a0\u00bb25px|25px|25px|25px|false|false\u00a0\u00bb hover_transition_delay=\u00a0\u00bb50ms\u00a0\u00bb hover_enabled=\u00a0\u00bb0&Prime; sticky_position_tablet=\u00a0\u00bb\u00a0\u00bb sticky_position_phone=\u00a0\u00bb\u00a0\u00bb sticky_position_last_edited=\u00a0\u00bbon|desktop\u00a0\u00bb border_radii=\u00a0\u00bbon|15px|15px|15px|15px\u00a0\u00bb global_colors_info=\u00a0\u00bb{}\u00a0\u00bb background__hover_enabled=\u00a0\u00bbon|hover\u00a0\u00bb background_color__hover=\u00a0\u00bbrgba(35,211,194,0.28)\u00a0\u00bb background_enable_color__hover=\u00a0\u00bbon\u00a0\u00bb sticky_enabled=\u00a0\u00bb0&Prime;]<\/p>\n<p style=\"text-align: justify;\">L\u2019id\u00e9e premi\u00e8re de la cr\u00e9ation de Clo\u00e9 Assist est de vous simplifier les t\u00e2ches gravitant autour de votre activit\u00e9 principale. Rigueur, fiabilit\u00e9 et confiance sont mes maitres-mots.<span class=\"Apple-converted-space\"><br \/><\/span>Le +\u00a0: Un espace personnel est propos\u00e9 \u00e0 chaque client pour faciliter l\u2019\u00e9change de documents dans des conditions optimales de s\u00e9curit\u00e9.<\/p>\n<p>[\/et_pb_blurb][\/et_pb_column][et_pb_column type=\u00a0\u00bb1_3&Prime; _builder_version=\u00a0\u00bb4.17.3&Prime; _module_preset=\u00a0\u00bbdefault\u00a0\u00bb global_colors_info=\u00a0\u00bb{}\u00a0\u00bb][et_pb_blurb title=\u00a0\u00bbexpertise et polyvalence\u00a0\u00bb image=\u00a0\u00bbhttps:\/\/www.cloe-assist.eu\/cloe-assist\/wp-content\/uploads\/2022\/07\/Fichier-101x.svg\u00a0\u00bb image_icon_width=\u00a0\u00bb25%\u00a0\u00bb _builder_version=\u00a0\u00bb4.17.3&Prime; _module_preset=\u00a0\u00bbdefault\u00a0\u00bb header_font=\u00a0\u00bbMontserrat|||on|||||\u00a0\u00bb header_text_align=\u00a0\u00bbcenter\u00a0\u00bb header_text_color=\u00a0\u00bb#00808f\u00a0\u00bb header_font_size=\u00a0\u00bb20px\u00a0\u00bb header_letter_spacing=\u00a0\u00bb1px\u00a0\u00bb background_color=\u00a0\u00bbrgba(35,211,194,0.28)\u00a0\u00bb height=\u00a0\u00bb420px\u00a0\u00bb custom_padding=\u00a0\u00bb25px|25px|25px|25px|false|false\u00a0\u00bb hover_transition_delay=\u00a0\u00bb50ms\u00a0\u00bb hover_enabled=\u00a0\u00bb0&Prime; sticky_position_tablet=\u00a0\u00bb\u00a0\u00bb sticky_position_phone=\u00a0\u00bb\u00a0\u00bb sticky_position_last_edited=\u00a0\u00bbon|desktop\u00a0\u00bb border_radii=\u00a0\u00bbon|15px|15px|15px|15px\u00a0\u00bb global_colors_info=\u00a0\u00bb{}\u00a0\u00bb background__hover_enabled=\u00a0\u00bbon|hover\u00a0\u00bb background_color__hover=\u00a0\u00bbrgba(35,211,194,0.28)\u00a0\u00bb background_enable_color__hover=\u00a0\u00bbon\u00a0\u00bb sticky_enabled=\u00a0\u00bb0&Prime;]<\/p>\n<p style=\"text-align: justify;\">Gr\u00e2ce \u00e0 mon histoire, mes \u00e9tudes et mes diff\u00e9rentes exp\u00e9riences professionnelles, j\u2019ai d\u00e9velopp\u00e9 des comp\u00e9tences dans des domaines tr\u00e8s \u00e9clectiques et suis donc polyvalente. De plus, j\u2019apprends vite et m\u2019adapte facilement \u00e0 tous types d\u2019entreprise, tel un v\u00e9ritable couteau suisse.<\/p>\n<p>[\/et_pb_blurb][\/et_pb_column][\/et_pb_row][\/et_pb_section][et_pb_section fb_built=\u00a0\u00bb1&Prime; _builder_version=\u00a0\u00bb4.17.3&Prime; _module_preset=\u00a0\u00bbdefault\u00a0\u00bb background_color=\u00a0\u00bb#fdfbf9&Prime; custom_margin=\u00a0\u00bb-1px||||false|false\u00a0\u00bb custom_padding=\u00a0\u00bb||26px|||\u00a0\u00bb global_module=\u00a0\u00bb505&Prime; saved_tabs=\u00a0\u00bball\u00a0\u00bb global_colors_info=\u00a0\u00bb{}\u00a0\u00bb][et_pb_row _builder_version=\u00a0\u00bb4.17.3&Prime; _module_preset=\u00a0\u00bbdefault\u00a0\u00bb custom_margin=\u00a0\u00bb-63px|auto||auto||\u00a0\u00bb global_colors_info=\u00a0\u00bb{}\u00a0\u00bb][et_pb_column type=\u00a0\u00bb4_4&Prime; _builder_version=\u00a0\u00bb4.17.3&Prime; _module_preset=\u00a0\u00bbdefault\u00a0\u00bb global_colors_info=\u00a0\u00bb{}\u00a0\u00bb][et_pb_text _builder_version=\u00a0\u00bb4.17.3&Prime; _module_preset=\u00a0\u00bbdefault\u00a0\u00bb header_font=\u00a0\u00bb|||on|||||\u00a0\u00bb header_text_color=\u00a0\u00bb#00808f\u00a0\u00bb header_font_size=\u00a0\u00bb28px\u00a0\u00bb custom_margin=\u00a0\u00bb||-19px|||\u00a0\u00bb global_colors_info=\u00a0\u00bb{}\u00a0\u00bb]<\/p>\n<h1 style=\"text-align: center;\">T\u00e9moignages<\/h1>\n<p>[\/et_pb_text][\/et_pb_column][\/et_pb_row][et_pb_row column_structure=\u00a0\u00bb1_2,1_2&Prime; use_custom_gutter=\u00a0\u00bbon\u00a0\u00bb gutter_width=\u00a0\u00bb2&Prime; make_equal=\u00a0\u00bbon\u00a0\u00bb _builder_version=\u00a0\u00bb4.17.3&Prime; _module_preset=\u00a0\u00bbdefault\u00a0\u00bb width=\u00a0\u00bb100%\u00a0\u00bb module_alignment=\u00a0\u00bbcenter\u00a0\u00bb custom_padding=\u00a0\u00bb3px|||||\u00a0\u00bb global_colors_info=\u00a0\u00bb{}\u00a0\u00bb][et_pb_column type=\u00a0\u00bb1_2&Prime; _builder_version=\u00a0\u00bb4.17.3&Prime; _module_preset=\u00a0\u00bbdefault\u00a0\u00bb global_colors_info=\u00a0\u00bb{}\u00a0\u00bb][et_pb_testimonial author=\u00a0\u00bbAgence Cr\u00e9ateurs de Liens\u00a0\u00bb company_name=\u00a0\u00bbC\u00e9line de L.\u00a0\u00bb portrait_url=\u00a0\u00bbhttps:\/\/www.cloe-assist.eu\/cloe-assist\/wp-content\/uploads\/2022\/07\/Logo-CDL.jpg\u00a0\u00bb quote_icon=\u00a0\u00bboff\u00a0\u00bb quote_icon_color=\u00a0\u00bb#158785&Prime; _builder_version=\u00a0\u00bb4.17.3&Prime; _module_preset=\u00a0\u00bbdefault\u00a0\u00bb background_color=\u00a0\u00bbrgba(35,211,158,0.15)\u00a0\u00bb min_height=\u00a0\u00bb400px\u00a0\u00bb border_radii=\u00a0\u00bbon|15px|15px|15px|15px\u00a0\u00bb global_colors_info=\u00a0\u00bb{}\u00a0\u00bb]<\/p>\n<div class=\"et_pb_slide_content\">\n<p>J\u2019ai travaill\u00e9 plusieurs ann\u00e9es avec Clo\u00e9.<br \/>Clo\u00e9 est une grande professionnelle, rigoureuse, consciencieuse et engag\u00e9e.<br \/>Mais surtout, c\u2019est une personne qui a du c\u0153ur. Elle s\u2019implique dans votre bo\u00eete \u00e0 100%, comme si c\u2019\u00e9tait la sienne, car la r\u00e9ussite de votre entreprise lui tient \u00e0 c\u0153ur autant que vous. Elle a de grandes qualit\u00e9s humaines qu\u2019elle met au service de ses clients et des clients de ses clients.<br \/>Je la recommande les yeux ferm\u00e9s et je travaille avec elle de fa\u00e7on tr\u00e8s r\u00e9guli\u00e8re.<\/p>\n<\/div>\n<p>[\/et_pb_testimonial][\/et_pb_column][et_pb_column type=\u00a0\u00bb1_2&Prime; _builder_version=\u00a0\u00bb4.17.3&Prime; _module_preset=\u00a0\u00bbdefault\u00a0\u00bb global_colors_info=\u00a0\u00bb{}\u00a0\u00bb][et_pb_testimonial author=\u00a0\u00bbArve Chapiteaux\u00a0\u00bb company_name=\u00a0\u00bbYanick V.\u00a0\u00bb portrait_url=\u00a0\u00bbhttps:\/\/www.cloe-assist.eu\/cloe-assist\/wp-content\/uploads\/2022\/07\/arve-logo.jpg\u00a0\u00bb quote_icon=\u00a0\u00bboff\u00a0\u00bb quote_icon_color=\u00a0\u00bb#158785&Prime; _builder_version=\u00a0\u00bb4.17.3&Prime; _module_preset=\u00a0\u00bbdefault\u00a0\u00bb background_color=\u00a0\u00bbrgba(35,211,158,0.15)\u00a0\u00bb min_height=\u00a0\u00bb400px\u00a0\u00bb custom_margin=\u00a0\u00bb||1px|||\u00a0\u00bb border_radii=\u00a0\u00bbon|15px|15px|15px|15px\u00a0\u00bb global_colors_info=\u00a0\u00bb{}\u00a0\u00bb]<\/p>\n<p>Active et dynamique, elle a su nous conseiller et r\u00e9aliser en un temps record un travail extraordinaire au sein de notre soci\u00e9t\u00e9 ! BRAVO Clo\u00e9 !!<\/p>\n<p>[\/et_pb_testimonial][\/et_pb_column][\/et_pb_row][\/et_pb_section]<\/p>\n","protected":false},"excerpt":{"rendered":"<p>Que vous ayez besoin d\u2019un soutien administratif de quelques heures par semaine ou par mois, pour les t\u00e2ches r\u00e9currentes ou le surcro\u00eet de travail ponctuel, Clo\u00e9 Assist c\u2019est LA solution flexible pour gagner du temps sur cet aspect chronophage de votre entreprise.L\u2019id\u00e9e premi\u00e8re de la cr\u00e9ation de Clo\u00e9 Assist est de vous simplifier les t\u00e2ches [&hellip;]<\/p>\n","protected":false},"author":1,"featured_media":0,"parent":0,"menu_order":0,"comment_status":"closed","ping_status":"closed","template":"","meta":{"_et_pb_use_builder":"on","_et_pb_old_content":"","_et_gb_content_width":"","inline_featured_image":false,"footnotes":""},"class_list":["post-291","page","type-page","status-publish","hentry"],"yoast_head":"<!-- This site is optimized with the Yoast SEO plugin v27.3 - https:\/\/yoast.com\/product\/yoast-seo-wordpress\/ -->\n<title>Avantages - Cloe Assist<\/title>\n<meta name=\"robots\" content=\"index, follow, max-snippet:-1, max-image-preview:large, max-video-preview:-1\" \/>\n<link rel=\"canonical\" href=\"https:\/\/www.cloe-assist.eu\/cloe-assist\/avantages\/\" \/>\n<meta property=\"og:locale\" content=\"fr_FR\" \/>\n<meta property=\"og:type\" content=\"article\" \/>\n<meta property=\"og:title\" content=\"Avantages - Cloe Assist\" \/>\n<meta property=\"og:description\" content=\"Que vous ayez besoin d\u2019un soutien administratif de quelques heures par semaine ou par mois, pour les t\u00e2ches r\u00e9currentes ou le surcro\u00eet de travail ponctuel, Clo\u00e9 Assist c\u2019est LA solution flexible pour gagner du temps sur cet aspect chronophage de votre entreprise.L\u2019id\u00e9e premi\u00e8re de la cr\u00e9ation de Clo\u00e9 Assist est de vous simplifier les t\u00e2ches [&hellip;]\" \/>\n<meta property=\"og:url\" content=\"https:\/\/www.cloe-assist.eu\/cloe-assist\/avantages\/\" \/>\n<meta property=\"og:site_name\" content=\"Cloe Assist\" \/>\n<meta property=\"article:publisher\" content=\"https:\/\/www.facebook.com\/cloeassist\" \/>\n<meta property=\"article:modified_time\" content=\"2022-07-15T09:39:51+00:00\" \/>\n<meta name=\"twitter:card\" content=\"summary_large_image\" \/>\n<meta name=\"twitter:label1\" content=\"Dur\u00e9e de lecture estim\u00e9e\" \/>\n\t<meta name=\"twitter:data1\" content=\"7 minutes\" \/>\n<script type=\"application\/ld+json\" class=\"yoast-schema-graph\">{\"@context\":\"https:\\\/\\\/schema.org\",\"@graph\":[{\"@type\":\"WebPage\",\"@id\":\"https:\\\/\\\/www.cloe-assist.eu\\\/cloe-assist\\\/avantages\\\/\",\"url\":\"https:\\\/\\\/www.cloe-assist.eu\\\/cloe-assist\\\/avantages\\\/\",\"name\":\"Avantages - Cloe Assist\",\"isPartOf\":{\"@id\":\"https:\\\/\\\/www.cloe-assist.eu\\\/cloe-assist\\\/#website\"},\"datePublished\":\"2022-06-28T09:24:11+00:00\",\"dateModified\":\"2022-07-15T09:39:51+00:00\",\"breadcrumb\":{\"@id\":\"https:\\\/\\\/www.cloe-assist.eu\\\/cloe-assist\\\/avantages\\\/#breadcrumb\"},\"inLanguage\":\"fr-FR\",\"potentialAction\":[{\"@type\":\"ReadAction\",\"target\":[\"https:\\\/\\\/www.cloe-assist.eu\\\/cloe-assist\\\/avantages\\\/\"]}]},{\"@type\":\"BreadcrumbList\",\"@id\":\"https:\\\/\\\/www.cloe-assist.eu\\\/cloe-assist\\\/avantages\\\/#breadcrumb\",\"itemListElement\":[{\"@type\":\"ListItem\",\"position\":1,\"name\":\"Accueil\",\"item\":\"https:\\\/\\\/www.cloe-assist.eu\\\/cloe-assist\\\/\"},{\"@type\":\"ListItem\",\"position\":2,\"name\":\"Avantages\"}]},{\"@type\":\"WebSite\",\"@id\":\"https:\\\/\\\/www.cloe-assist.eu\\\/cloe-assist\\\/#website\",\"url\":\"https:\\\/\\\/www.cloe-assist.eu\\\/cloe-assist\\\/\",\"name\":\"Cloe Assist\",\"description\":\"Votre couteau suisse administratif\",\"publisher\":{\"@id\":\"https:\\\/\\\/www.cloe-assist.eu\\\/cloe-assist\\\/#organization\"},\"potentialAction\":[{\"@type\":\"SearchAction\",\"target\":{\"@type\":\"EntryPoint\",\"urlTemplate\":\"https:\\\/\\\/www.cloe-assist.eu\\\/cloe-assist\\\/?s={search_term_string}\"},\"query-input\":{\"@type\":\"PropertyValueSpecification\",\"valueRequired\":true,\"valueName\":\"search_term_string\"}}],\"inLanguage\":\"fr-FR\"},{\"@type\":\"Organization\",\"@id\":\"https:\\\/\\\/www.cloe-assist.eu\\\/cloe-assist\\\/#organization\",\"name\":\"Cloe Assist\",\"url\":\"https:\\\/\\\/www.cloe-assist.eu\\\/cloe-assist\\\/\",\"logo\":{\"@type\":\"ImageObject\",\"inLanguage\":\"fr-FR\",\"@id\":\"https:\\\/\\\/www.cloe-assist.eu\\\/cloe-assist\\\/#\\\/schema\\\/logo\\\/image\\\/\",\"url\":\"https:\\\/\\\/www.cloe-assist.eu\\\/cloe-assist\\\/wp-content\\\/uploads\\\/2022\\\/06\\\/logo-cloe-assist.png\",\"contentUrl\":\"https:\\\/\\\/www.cloe-assist.eu\\\/cloe-assist\\\/wp-content\\\/uploads\\\/2022\\\/06\\\/logo-cloe-assist.png\",\"width\":500,\"height\":112,\"caption\":\"Cloe Assist\"},\"image\":{\"@id\":\"https:\\\/\\\/www.cloe-assist.eu\\\/cloe-assist\\\/#\\\/schema\\\/logo\\\/image\\\/\"},\"sameAs\":[\"https:\\\/\\\/www.facebook.com\\\/cloeassist\"]}]}<\/script>\n<!-- \/ Yoast SEO plugin. -->","yoast_head_json":{"title":"Avantages - Cloe Assist","robots":{"index":"index","follow":"follow","max-snippet":"max-snippet:-1","max-image-preview":"max-image-preview:large","max-video-preview":"max-video-preview:-1"},"canonical":"https:\/\/www.cloe-assist.eu\/cloe-assist\/avantages\/","og_locale":"fr_FR","og_type":"article","og_title":"Avantages - Cloe Assist","og_description":"Que vous ayez besoin d\u2019un soutien administratif de quelques heures par semaine ou par mois, pour les t\u00e2ches r\u00e9currentes ou le surcro\u00eet de travail ponctuel, Clo\u00e9 Assist c\u2019est LA solution flexible pour gagner du temps sur cet aspect chronophage de votre entreprise.L\u2019id\u00e9e premi\u00e8re de la cr\u00e9ation de Clo\u00e9 Assist est de vous simplifier les t\u00e2ches [&hellip;]","og_url":"https:\/\/www.cloe-assist.eu\/cloe-assist\/avantages\/","og_site_name":"Cloe Assist","article_publisher":"https:\/\/www.facebook.com\/cloeassist","article_modified_time":"2022-07-15T09:39:51+00:00","twitter_card":"summary_large_image","twitter_misc":{"Dur\u00e9e de lecture estim\u00e9e":"7 minutes"},"schema":{"@context":"https:\/\/schema.org","@graph":[{"@type":"WebPage","@id":"https:\/\/www.cloe-assist.eu\/cloe-assist\/avantages\/","url":"https:\/\/www.cloe-assist.eu\/cloe-assist\/avantages\/","name":"Avantages - Cloe Assist","isPartOf":{"@id":"https:\/\/www.cloe-assist.eu\/cloe-assist\/#website"},"datePublished":"2022-06-28T09:24:11+00:00","dateModified":"2022-07-15T09:39:51+00:00","breadcrumb":{"@id":"https:\/\/www.cloe-assist.eu\/cloe-assist\/avantages\/#breadcrumb"},"inLanguage":"fr-FR","potentialAction":[{"@type":"ReadAction","target":["https:\/\/www.cloe-assist.eu\/cloe-assist\/avantages\/"]}]},{"@type":"BreadcrumbList","@id":"https:\/\/www.cloe-assist.eu\/cloe-assist\/avantages\/#breadcrumb","itemListElement":[{"@type":"ListItem","position":1,"name":"Accueil","item":"https:\/\/www.cloe-assist.eu\/cloe-assist\/"},{"@type":"ListItem","position":2,"name":"Avantages"}]},{"@type":"WebSite","@id":"https:\/\/www.cloe-assist.eu\/cloe-assist\/#website","url":"https:\/\/www.cloe-assist.eu\/cloe-assist\/","name":"Cloe Assist","description":"Votre couteau suisse administratif","publisher":{"@id":"https:\/\/www.cloe-assist.eu\/cloe-assist\/#organization"},"potentialAction":[{"@type":"SearchAction","target":{"@type":"EntryPoint","urlTemplate":"https:\/\/www.cloe-assist.eu\/cloe-assist\/?s={search_term_string}"},"query-input":{"@type":"PropertyValueSpecification","valueRequired":true,"valueName":"search_term_string"}}],"inLanguage":"fr-FR"},{"@type":"Organization","@id":"https:\/\/www.cloe-assist.eu\/cloe-assist\/#organization","name":"Cloe Assist","url":"https:\/\/www.cloe-assist.eu\/cloe-assist\/","logo":{"@type":"ImageObject","inLanguage":"fr-FR","@id":"https:\/\/www.cloe-assist.eu\/cloe-assist\/#\/schema\/logo\/image\/","url":"https:\/\/www.cloe-assist.eu\/cloe-assist\/wp-content\/uploads\/2022\/06\/logo-cloe-assist.png","contentUrl":"https:\/\/www.cloe-assist.eu\/cloe-assist\/wp-content\/uploads\/2022\/06\/logo-cloe-assist.png","width":500,"height":112,"caption":"Cloe Assist"},"image":{"@id":"https:\/\/www.cloe-assist.eu\/cloe-assist\/#\/schema\/logo\/image\/"},"sameAs":["https:\/\/www.facebook.com\/cloeassist"]}]}},"_links":{"self":[{"href":"https:\/\/www.cloe-assist.eu\/cloe-assist\/wp-json\/wp\/v2\/pages\/291","targetHints":{"allow":["GET"]}}],"collection":[{"href":"https:\/\/www.cloe-assist.eu\/cloe-assist\/wp-json\/wp\/v2\/pages"}],"about":[{"href":"https:\/\/www.cloe-assist.eu\/cloe-assist\/wp-json\/wp\/v2\/types\/page"}],"author":[{"embeddable":true,"href":"https:\/\/www.cloe-assist.eu\/cloe-assist\/wp-json\/wp\/v2\/users\/1"}],"replies":[{"embeddable":true,"href":"https:\/\/www.cloe-assist.eu\/cloe-assist\/wp-json\/wp\/v2\/comments?post=291"}],"version-history":[{"count":29,"href":"https:\/\/www.cloe-assist.eu\/cloe-assist\/wp-json\/wp\/v2\/pages\/291\/revisions"}],"predecessor-version":[{"id":753,"href":"https:\/\/www.cloe-assist.eu\/cloe-assist\/wp-json\/wp\/v2\/pages\/291\/revisions\/753"}],"wp:attachment":[{"href":"https:\/\/www.cloe-assist.eu\/cloe-assist\/wp-json\/wp\/v2\/media?parent=291"}],"curies":[{"name":"wp","href":"https:\/\/api.w.org\/{rel}","templated":true}]}}