{"id":226,"date":"2022-06-27T16:39:21","date_gmt":"2022-06-27T14:39:21","guid":{"rendered":"https:\/\/www.cloe-assist.eu\/cloe-assist\/?page_id=226"},"modified":"2022-07-18T11:14:24","modified_gmt":"2022-07-18T09:14:24","slug":"qui-suis-je","status":"publish","type":"page","link":"https:\/\/www.cloe-assist.eu\/cloe-assist\/qui-suis-je\/","title":{"rendered":"Qui suis-je ?"},"content":{"rendered":"<p>[et_pb_section fb_built=\u00a0\u00bb1&Prime; fullwidth=\u00a0\u00bbon\u00a0\u00bb admin_label=\u00a0\u00bbPage Header\u00a0\u00bb _builder_version=\u00a0\u00bb4.17.3&Prime; _module_preset=\u00a0\u00bbdefault\u00a0\u00bb background_color=\u00a0\u00bb#00808f\u00a0\u00bb parallax=\u00a0\u00bbon\u00a0\u00bb bottom_divider_flip=\u00a0\u00bbhorizontal|vertical\u00a0\u00bb animation_direction=\u00a0\u00bbtop\u00a0\u00bb global_colors_info=\u00a0\u00bb{}\u00a0\u00bb][et_pb_fullwidth_header title=\u00a0\u00bbQui suis-je ?\u00a0\u00bb text_orientation=\u00a0\u00bbcenter\u00a0\u00bb admin_label=\u00a0\u00bbHero Section\u00a0\u00bb _builder_version=\u00a0\u00bb4.17.3&Prime; _module_preset=\u00a0\u00bbdefault\u00a0\u00bb title_font=\u00a0\u00bbMontserrat|on|||\u00a0\u00bb title_font_size=\u00a0\u00bb60px\u00a0\u00bb title_line_height=\u00a0\u00bb1.4em\u00a0\u00bb content_font_size=\u00a0\u00bb22px\u00a0\u00bb subhead_font=\u00a0\u00bb||||\u00a0\u00bb background_color=\u00a0\u00bbrgba(255,255,255,0)\u00a0\u00bb custom_button_one=\u00a0\u00bbon\u00a0\u00bb button_one_text_size=\u00a0\u00bb16px\u00a0\u00bb button_one_bg_color=\u00a0\u00bb#6eba01&Prime; button_one_border_width=\u00a0\u00bb2px\u00a0\u00bb button_one_border_color=\u00a0\u00bb#6eba01&Prime; button_one_border_radius=\u00a0\u00bb0&Prime; button_one_letter_spacing=\u00a0\u00bb2&Prime; button_one_font=\u00a0\u00bbMontserrat|||on|\u00a0\u00bb button_one_use_icon=\u00a0\u00bboff\u00a0\u00bb custom_button_two=\u00a0\u00bbon\u00a0\u00bb button_two_text_size=\u00a0\u00bb16px\u00a0\u00bb button_two_border_width=\u00a0\u00bb2px\u00a0\u00bb button_two_border_color=\u00a0\u00bb#ffffff\u00a0\u00bb button_two_border_radius=\u00a0\u00bb0&Prime; button_two_letter_spacing=\u00a0\u00bb2&Prime; button_two_font=\u00a0\u00bbMontserrat|||on|\u00a0\u00bb button_two_use_icon=\u00a0\u00bboff\u00a0\u00bb module_alignment=\u00a0\u00bbcenter\u00a0\u00bb height=\u00a0\u00bb160px\u00a0\u00bb custom_padding=\u00a0\u00bb10px||15px||false|false\u00a0\u00bb animation_style=\u00a0\u00bbfade\u00a0\u00bb title_font_size_tablet=\u00a0\u00bb\u00a0\u00bb title_font_size_phone=\u00a0\u00bb48px\u00a0\u00bb title_font_size_last_edited=\u00a0\u00bbon|phone\u00a0\u00bb button_one_text_color_hover=\u00a0\u00bb#6eba01&Prime; button_two_text_color_hover=\u00a0\u00bb#6eba01&Prime; button_one_border_color_hover=\u00a0\u00bb#ffffff\u00a0\u00bb button_two_border_color_hover=\u00a0\u00bb#ffffff\u00a0\u00bb button_one_border_radius_hover=\u00a0\u00bb0&Prime; button_two_border_radius_hover=\u00a0\u00bb0&Prime; button_one_letter_spacing_hover=\u00a0\u00bb2&Prime; button_two_letter_spacing_hover=\u00a0\u00bb2&Prime; button_one_bg_color_hover=\u00a0\u00bb#ffffff\u00a0\u00bb button_two_bg_color_hover=\u00a0\u00bb#ffffff\u00a0\u00bb global_colors_info=\u00a0\u00bb{}\u00a0\u00bb button_one_text_size__hover_enabled=\u00a0\u00bboff\u00a0\u00bb button_two_text_size__hover_enabled=\u00a0\u00bboff\u00a0\u00bb button_one_text_color__hover_enabled=\u00a0\u00bbon\u00a0\u00bb button_one_text_color__hover=\u00a0\u00bb#6eba01&Prime; button_two_text_color__hover_enabled=\u00a0\u00bbon\u00a0\u00bb button_two_text_color__hover=\u00a0\u00bb#6eba01&Prime; button_one_border_width__hover_enabled=\u00a0\u00bboff\u00a0\u00bb button_two_border_width__hover_enabled=\u00a0\u00bboff\u00a0\u00bb button_one_border_color__hover_enabled=\u00a0\u00bbon\u00a0\u00bb button_one_border_color__hover=\u00a0\u00bb#ffffff\u00a0\u00bb button_two_border_color__hover_enabled=\u00a0\u00bbon\u00a0\u00bb button_two_border_color__hover=\u00a0\u00bb#ffffff\u00a0\u00bb button_one_border_radius__hover_enabled=\u00a0\u00bbon\u00a0\u00bb button_one_border_radius__hover=\u00a0\u00bb0&Prime; button_two_border_radius__hover_enabled=\u00a0\u00bbon\u00a0\u00bb button_two_border_radius__hover=\u00a0\u00bb0&Prime; button_one_letter_spacing__hover_enabled=\u00a0\u00bbon\u00a0\u00bb button_one_letter_spacing__hover=\u00a0\u00bb2&Prime; button_two_letter_spacing__hover_enabled=\u00a0\u00bbon\u00a0\u00bb button_two_letter_spacing__hover=\u00a0\u00bb2&Prime; button_one_bg_color__hover_enabled=\u00a0\u00bbon\u00a0\u00bb button_one_bg_color__hover=\u00a0\u00bb#ffffff\u00a0\u00bb button_two_bg_color__hover_enabled=\u00a0\u00bbon\u00a0\u00bb button_two_bg_color__hover=\u00a0\u00bb#ffffff\u00a0\u00bb][\/et_pb_fullwidth_header][\/et_pb_section][et_pb_section fb_built=\u00a0\u00bb1&Prime; admin_label=\u00a0\u00bbContact\u00a0\u00bb _builder_version=\u00a0\u00bb4.17.3&Prime; _module_preset=\u00a0\u00bbdefault\u00a0\u00bb background_color=\u00a0\u00bb#fdfbf9&Prime; custom_padding=\u00a0\u00bb9px||23px|||\u00a0\u00bb global_colors_info=\u00a0\u00bb{}\u00a0\u00bb][et_pb_row column_structure=\u00a0\u00bb2_5,3_5&Prime; use_custom_gutter=\u00a0\u00bbon\u00a0\u00bb gutter_width=\u00a0\u00bb2&Prime; make_equal=\u00a0\u00bbon\u00a0\u00bb _builder_version=\u00a0\u00bb4.17.3&Prime; _module_preset=\u00a0\u00bbdefault\u00a0\u00bb width=\u00a0\u00bb90%\u00a0\u00bb max_width=\u00a0\u00bb90%\u00a0\u00bb custom_margin=\u00a0\u00bb-35px|auto||auto||\u00a0\u00bb custom_padding=\u00a0\u00bb69px|||||\u00a0\u00bb global_colors_info=\u00a0\u00bb{}\u00a0\u00bb][et_pb_column type=\u00a0\u00bb2_5&Prime; _builder_version=\u00a0\u00bb4.17.3&Prime; _module_preset=\u00a0\u00bbdefault\u00a0\u00bb global_colors_info=\u00a0\u00bb{}\u00a0\u00bb][et_pb_image src=\u00a0\u00bbhttps:\/\/www.cloe-assist.eu\/cloe-assist\/wp-content\/uploads\/2022\/06\/Photo-CR-1.jpg\u00a0\u00bb title_text=\u00a0\u00bbPhoto-CR\u00a0\u00bb align=\u00a0\u00bbcenter\u00a0\u00bb force_fullwidth=\u00a0\u00bbon\u00a0\u00bb _builder_version=\u00a0\u00bb4.17.3&Prime; _module_preset=\u00a0\u00bbdefault\u00a0\u00bb border_radii=\u00a0\u00bbon|350px|350px|350px|350px\u00a0\u00bb border_width_all=\u00a0\u00bb6px\u00a0\u00bb border_color_all=\u00a0\u00bb#00808f\u00a0\u00bb global_colors_info=\u00a0\u00bb{}\u00a0\u00bb][\/et_pb_image][\/et_pb_column][et_pb_column type=\u00a0\u00bb3_5&Prime; _builder_version=\u00a0\u00bb4.17.3&Prime; _module_preset=\u00a0\u00bbdefault\u00a0\u00bb global_colors_info=\u00a0\u00bb{}\u00a0\u00bb][et_pb_text _builder_version=\u00a0\u00bb4.17.3&Prime; _module_preset=\u00a0\u00bbdefault\u00a0\u00bb header_2_font_size=\u00a0\u00bb20px\u00a0\u00bb header_2_line_height=\u00a0\u00bb1.2em\u00a0\u00bb global_colors_info=\u00a0\u00bb{}\u00a0\u00bb]<\/p>\n<p style=\"text-align: justify;\">De <strong>nature organis\u00e9e, polyvalente et dynamique<\/strong>, j\u2019ai souhait\u00e9 mettre mes comp\u00e9tences au service des entreprises afin qu\u2019elles puissent se consacrer \u00e0 l\u2019essentiel de leur activit\u00e9. J\u2019ai toujours eu \u00e0 c\u0153ur d\u2019assister de la mani\u00e8re la plus efficace possible, toutes les personnes avec qui j\u2019ai pu collaborer.<\/p>\n<p style=\"text-align: justify;\">Titulaire d\u2019une licence de langues (anglais \/ allemand) et d\u2019un master (BAC +5) en tourisme d\u2019affaires et \u00e9v\u00e9nementiel, j\u2019ai eu la chance d\u2019\u00e9voluer dans diff\u00e9rents domaines qui m\u2019ont permis d\u2019accro\u00eetre ma\u00a0polyvalence.<\/p>\n<p style=\"text-align: justify;\">J\u2019ai travaill\u00e9 pendant plusieurs ann\u00e9es en tant que chef de projet en agences \u00e9v\u00e9nementielles en France et en Europe : aussi bien dans la gestion de salons et de congr\u00e8s (jusqu\u2019\u00e0 10 000 personnes) qu\u2019en \u00e9v\u00e9nementiel d\u2019entreprise (s\u00e9minaires, r\u00e9unions, comit\u00e9 de direction, d\u2019entreprises, convention, lancement de produits, inauguration\u2026). Les appels d\u2019offres, les recommandations et budgets, la recherche et la coordination des prestataires, la r\u00e9alisation des projets ainsi que leurs bilans, n\u2019ont plus de secret pour moi.<\/p>\n<p style=\"text-align: justify;\"><strong>L\u2019organisation et l\u2019anticipation\u00a0sont des qualit\u00e9s appr\u00e9ci\u00e9es par mes client<\/strong>s.<\/p>\n<p style=\"text-align: justify;\">Fille de pilote, j\u2019ai par la suite pos\u00e9 mes valises en Haute Savoie au sein d\u2019une compagnie d\u2019h\u00e9licopt\u00e8res. En tant que commerciale polyvalente, j\u2019y ai g\u00e9r\u00e9 les demandes clients (mails, t\u00e9l\u00e9phone, physique), les suivis, les devis, la facturation, les relances (devis, impay\u00e9s\u2026). Sans grande connaissance des h\u00e9licopt\u00e8res au d\u00e9part, j\u2019ai eu la capacit\u00e9 de m\u2019adapter et d\u2019apprendre rapidement le fonctionnement d\u2019une compagnie a\u00e9rienne ainsi que la gestion complexe des plannings de vols.<\/p>\n<p style=\"text-align: justify;\">Passionn\u00e9e de la langue fran\u00e7aise, j\u2019ai \u00e9galement suivi la formation du projet Voltaire, ayant pour but la ma\u00eetrise de l\u2019orthographe, de la grammaire et de la syntaxe (passage de la certification pr\u00e9vue en 2022).<\/p>\n<p style=\"text-align: justify;\"><strong>Tr\u00e8s impliqu\u00e9e dans l\u2019assistance de mes collaborateurs et clients<\/strong>, c\u2019est tout naturellement que j\u2019ai cr\u00e9\u00e9 Clo\u00e9 Assist en 2022 pour r\u00e9pondre aux besoins grandissant des entreprises : d\u00e9l\u00e9guez tout ou partie de ses t\u00e2ches administratives et commerciales gr\u00e2ce \u00e0 la flexibilit\u00e9 que permet l\u2019externalisation \u00e0 un partenaire ind\u00e9pendant.\u00a0<\/p>\n<p style=\"text-align: justify;\"><strong>J\u2019interviens pour des clients dans toute la France en t\u00e9l\u00e9travail mais \u00e9galement en r\u00e9gion Auvergne Rh\u00f4ne Alpes, Savoie et Haute Savoie<\/strong>.<\/p>\n<p>[\/et_pb_text][\/et_pb_column][\/et_pb_row][\/et_pb_section][et_pb_section fb_built=\u00a0\u00bb1&Prime; _builder_version=\u00a0\u00bb4.17.3&Prime; _module_preset=\u00a0\u00bbdefault\u00a0\u00bb background_color=\u00a0\u00bb#fdfbf9&Prime; custom_margin=\u00a0\u00bb-1px||||false|false\u00a0\u00bb custom_padding=\u00a0\u00bb||26px|||\u00a0\u00bb global_module=\u00a0\u00bb505&Prime; global_colors_info=\u00a0\u00bb{}\u00a0\u00bb][et_pb_row _builder_version=\u00a0\u00bb4.17.3&Prime; _module_preset=\u00a0\u00bbdefault\u00a0\u00bb custom_margin=\u00a0\u00bb-63px|auto||auto||\u00a0\u00bb global_colors_info=\u00a0\u00bb{}\u00a0\u00bb][et_pb_column type=\u00a0\u00bb4_4&Prime; _builder_version=\u00a0\u00bb4.17.3&Prime; _module_preset=\u00a0\u00bbdefault\u00a0\u00bb global_colors_info=\u00a0\u00bb{}\u00a0\u00bb][et_pb_text _builder_version=\u00a0\u00bb4.17.3&Prime; _module_preset=\u00a0\u00bbdefault\u00a0\u00bb header_font=\u00a0\u00bb|||on|||||\u00a0\u00bb header_text_color=\u00a0\u00bb#00808f\u00a0\u00bb header_font_size=\u00a0\u00bb28px\u00a0\u00bb custom_margin=\u00a0\u00bb||-19px|||\u00a0\u00bb global_colors_info=\u00a0\u00bb{}\u00a0\u00bb]<\/p>\n<h1 style=\"text-align: center;\">T\u00e9moignages<\/h1>\n<p>[\/et_pb_text][\/et_pb_column][\/et_pb_row][et_pb_row column_structure=\u00a0\u00bb1_4,3_4&Prime; use_custom_gutter=\u00a0\u00bbon\u00a0\u00bb make_equal=\u00a0\u00bbon\u00a0\u00bb _builder_version=\u00a0\u00bb4.17.3&Prime; _module_preset=\u00a0\u00bbdefault\u00a0\u00bb width=\u00a0\u00bb100%\u00a0\u00bb border_radii=\u00a0\u00bbon|15px|15px|15px|15px\u00a0\u00bb global_colors_info=\u00a0\u00bb{}\u00a0\u00bb][et_pb_column type=\u00a0\u00bb1_4&Prime; _builder_version=\u00a0\u00bb4.17.3&Prime; _module_preset=\u00a0\u00bbdefault\u00a0\u00bb background_color=\u00a0\u00bbrgba(35,211,158,0.15)\u00a0\u00bb border_radii=\u00a0\u00bboff|15px|||15px\u00a0\u00bb global_colors_info=\u00a0\u00bb{}\u00a0\u00bb][et_pb_image src=\u00a0\u00bbhttps:\/\/www.cloe-assist.eu\/cloe-assist\/wp-content\/uploads\/2022\/07\/Logo-CDL.jpg\u00a0\u00bb title_text=\u00a0\u00bbLogo-CDL\u00a0\u00bb align=\u00a0\u00bbcenter\u00a0\u00bb _builder_version=\u00a0\u00bb4.17.3&Prime; _module_preset=\u00a0\u00bbdefault\u00a0\u00bb custom_padding=\u00a0\u00bb25px||||false|false\u00a0\u00bb border_radii=\u00a0\u00bbon|55px|55px|55px|55px\u00a0\u00bb global_colors_info=\u00a0\u00bb{}\u00a0\u00bb][\/et_pb_image][\/et_pb_column][et_pb_column type=\u00a0\u00bb3_4&Prime; _builder_version=\u00a0\u00bb4.17.3&Prime; _module_preset=\u00a0\u00bbdefault\u00a0\u00bb background_color=\u00a0\u00bbrgba(35,211,158,0.15)\u00a0\u00bb border_radii=\u00a0\u00bboff||15px|15px|\u00a0\u00bb global_colors_info=\u00a0\u00bb{}\u00a0\u00bb][et_pb_text _builder_version=\u00a0\u00bb4.17.3&Prime; _module_preset=\u00a0\u00bbdefault\u00a0\u00bb custom_padding=\u00a0\u00bb25px|20px|25px||false|false\u00a0\u00bb global_colors_info=\u00a0\u00bb{}\u00a0\u00bb]<\/p>\n<p>J\u2019ai travaill\u00e9 plusieurs ann\u00e9es avec Clo\u00e9.<br \/>Clo\u00e9 est une grande professionnelle, rigoureuse, consciencieuse et engag\u00e9e.<br \/>Mais surtout, c\u2019est une personne qui a du c\u0153ur. Elle s\u2019implique dans votre bo\u00eete \u00e0 100%, comme si c\u2019\u00e9tait la sienne, car la r\u00e9ussite de votre entreprise lui tient \u00e0 c\u0153ur autant que vous. Elle a de grandes qualit\u00e9s humaines qu\u2019elle met au service de ses clients et des clients de ses clients.<br \/>Je la recommande les yeux ferm\u00e9s et je travaille avec elle de fa\u00e7on tr\u00e8s r\u00e9guli\u00e8re.<br \/><strong class=\"et_pb_testimonial_author et-fb-editable-element et-fb-editable-element__editing\" data-shortcode-id=\"3.1.0.0-1658063398427\" data-quickaccess-id=\"author\" data-quickaccess-order=\"1\" contenteditable=\"true\">Agence Cr\u00e9ateurs de Liens<br \/><\/strong>C\u00e9line de L.<\/p>\n<p>[\/et_pb_text][\/et_pb_column][\/et_pb_row][et_pb_row column_structure=\u00a0\u00bb1_4,3_4&Prime; use_custom_gutter=\u00a0\u00bbon\u00a0\u00bb make_equal=\u00a0\u00bbon\u00a0\u00bb _builder_version=\u00a0\u00bb4.17.3&Prime; _module_preset=\u00a0\u00bbdefault\u00a0\u00bb width=\u00a0\u00bb100%\u00a0\u00bb custom_padding=\u00a0\u00bb4px|||||\u00a0\u00bb border_radii=\u00a0\u00bbon|15px|15px|15px|15px\u00a0\u00bb global_colors_info=\u00a0\u00bb{}\u00a0\u00bb][et_pb_column type=\u00a0\u00bb1_4&Prime; _builder_version=\u00a0\u00bb4.17.3&Prime; _module_preset=\u00a0\u00bbdefault\u00a0\u00bb background_color=\u00a0\u00bbrgba(35,211,158,0.15)\u00a0\u00bb border_radii=\u00a0\u00bboff|15px|||15px\u00a0\u00bb global_colors_info=\u00a0\u00bb{}\u00a0\u00bb][et_pb_image src=\u00a0\u00bbhttps:\/\/www.cloe-assist.eu\/cloe-assist\/wp-content\/uploads\/2022\/07\/arve-logo.jpg\u00a0\u00bb title_text=\u00a0\u00bbarve-logo\u00a0\u00bb align=\u00a0\u00bbcenter\u00a0\u00bb _builder_version=\u00a0\u00bb4.17.3&Prime; _module_preset=\u00a0\u00bbdefault\u00a0\u00bb custom_padding=\u00a0\u00bb25px||25px||false|false\u00a0\u00bb border_radii=\u00a0\u00bbon|60px|60px|60px|60px\u00a0\u00bb global_colors_info=\u00a0\u00bb{}\u00a0\u00bb][\/et_pb_image][\/et_pb_column][et_pb_column type=\u00a0\u00bb3_4&Prime; _builder_version=\u00a0\u00bb4.17.3&Prime; _module_preset=\u00a0\u00bbdefault\u00a0\u00bb background_color=\u00a0\u00bbrgba(35,211,158,0.15)\u00a0\u00bb border_radii=\u00a0\u00bboff||15px|15px|\u00a0\u00bb global_colors_info=\u00a0\u00bb{}\u00a0\u00bb][et_pb_text _builder_version=\u00a0\u00bb4.17.3&Prime; _module_preset=\u00a0\u00bbdefault\u00a0\u00bb custom_padding=\u00a0\u00bb25px|20px|||false|false\u00a0\u00bb global_colors_info=\u00a0\u00bb{}\u00a0\u00bb]<\/p>\n<p>Active et dynamique, elle a su nous conseiller et r\u00e9aliser en un temps record un travail extraordinaire au sein de notre soci\u00e9t\u00e9 ! BRAVO Clo\u00e9 !!<\/p>\n<p><strong>Arve Chapiteaux<\/strong><br \/>Yannick V.<\/p>\n<p>[\/et_pb_text][\/et_pb_column][\/et_pb_row][\/et_pb_section]<\/p>\n","protected":false},"excerpt":{"rendered":"<p>De nature organis\u00e9e, polyvalente et dynamique, j\u2019ai souhait\u00e9 mettre mes comp\u00e9tences au service des entreprises afin qu\u2019elles puissent se consacrer \u00e0 l\u2019essentiel de leur activit\u00e9. J\u2019ai toujours eu \u00e0 c\u0153ur d\u2019assister de la mani\u00e8re la plus efficace possible, toutes les personnes avec qui j\u2019ai pu collaborer. Titulaire d\u2019une licence de langues (anglais \/ allemand) et [&hellip;]<\/p>\n","protected":false},"author":1,"featured_media":0,"parent":0,"menu_order":0,"comment_status":"closed","ping_status":"closed","template":"","meta":{"_et_pb_use_builder":"on","_et_pb_old_content":"","_et_gb_content_width":"","inline_featured_image":false,"footnotes":""},"class_list":["post-226","page","type-page","status-publish","hentry"],"yoast_head":"<!-- This site is optimized with the Yoast SEO plugin v27.3 - https:\/\/yoast.com\/product\/yoast-seo-wordpress\/ -->\n<title>Qui suis-je ? - Cloe Assist<\/title>\n<meta name=\"robots\" content=\"index, follow, max-snippet:-1, max-image-preview:large, max-video-preview:-1\" \/>\n<link rel=\"canonical\" href=\"https:\/\/www.cloe-assist.eu\/cloe-assist\/qui-suis-je\/\" \/>\n<meta property=\"og:locale\" content=\"fr_FR\" \/>\n<meta property=\"og:type\" content=\"article\" \/>\n<meta property=\"og:title\" content=\"Qui suis-je ? - Cloe Assist\" \/>\n<meta property=\"og:description\" content=\"De nature organis\u00e9e, polyvalente et dynamique, j\u2019ai souhait\u00e9 mettre mes comp\u00e9tences au service des entreprises afin qu\u2019elles puissent se consacrer \u00e0 l\u2019essentiel de leur activit\u00e9. J\u2019ai toujours eu \u00e0 c\u0153ur d\u2019assister de la mani\u00e8re la plus efficace possible, toutes les personnes avec qui j\u2019ai pu collaborer. Titulaire d\u2019une licence de langues (anglais \/ allemand) et [&hellip;]\" \/>\n<meta property=\"og:url\" content=\"https:\/\/www.cloe-assist.eu\/cloe-assist\/qui-suis-je\/\" \/>\n<meta property=\"og:site_name\" content=\"Cloe Assist\" \/>\n<meta property=\"article:publisher\" content=\"https:\/\/www.facebook.com\/cloeassist\" \/>\n<meta property=\"article:modified_time\" content=\"2022-07-18T09:14:24+00:00\" \/>\n<meta name=\"twitter:card\" content=\"summary_large_image\" \/>\n<meta name=\"twitter:label1\" content=\"Dur\u00e9e de lecture estim\u00e9e\" \/>\n\t<meta name=\"twitter:data1\" content=\"7 minutes\" \/>\n<script type=\"application\/ld+json\" class=\"yoast-schema-graph\">{\"@context\":\"https:\\\/\\\/schema.org\",\"@graph\":[{\"@type\":\"WebPage\",\"@id\":\"https:\\\/\\\/www.cloe-assist.eu\\\/cloe-assist\\\/qui-suis-je\\\/\",\"url\":\"https:\\\/\\\/www.cloe-assist.eu\\\/cloe-assist\\\/qui-suis-je\\\/\",\"name\":\"Qui suis-je ? - Cloe Assist\",\"isPartOf\":{\"@id\":\"https:\\\/\\\/www.cloe-assist.eu\\\/cloe-assist\\\/#website\"},\"datePublished\":\"2022-06-27T14:39:21+00:00\",\"dateModified\":\"2022-07-18T09:14:24+00:00\",\"breadcrumb\":{\"@id\":\"https:\\\/\\\/www.cloe-assist.eu\\\/cloe-assist\\\/qui-suis-je\\\/#breadcrumb\"},\"inLanguage\":\"fr-FR\",\"potentialAction\":[{\"@type\":\"ReadAction\",\"target\":[\"https:\\\/\\\/www.cloe-assist.eu\\\/cloe-assist\\\/qui-suis-je\\\/\"]}]},{\"@type\":\"BreadcrumbList\",\"@id\":\"https:\\\/\\\/www.cloe-assist.eu\\\/cloe-assist\\\/qui-suis-je\\\/#breadcrumb\",\"itemListElement\":[{\"@type\":\"ListItem\",\"position\":1,\"name\":\"Accueil\",\"item\":\"https:\\\/\\\/www.cloe-assist.eu\\\/cloe-assist\\\/\"},{\"@type\":\"ListItem\",\"position\":2,\"name\":\"Qui suis-je ?\"}]},{\"@type\":\"WebSite\",\"@id\":\"https:\\\/\\\/www.cloe-assist.eu\\\/cloe-assist\\\/#website\",\"url\":\"https:\\\/\\\/www.cloe-assist.eu\\\/cloe-assist\\\/\",\"name\":\"Cloe Assist\",\"description\":\"Votre couteau suisse administratif\",\"publisher\":{\"@id\":\"https:\\\/\\\/www.cloe-assist.eu\\\/cloe-assist\\\/#organization\"},\"potentialAction\":[{\"@type\":\"SearchAction\",\"target\":{\"@type\":\"EntryPoint\",\"urlTemplate\":\"https:\\\/\\\/www.cloe-assist.eu\\\/cloe-assist\\\/?s={search_term_string}\"},\"query-input\":{\"@type\":\"PropertyValueSpecification\",\"valueRequired\":true,\"valueName\":\"search_term_string\"}}],\"inLanguage\":\"fr-FR\"},{\"@type\":\"Organization\",\"@id\":\"https:\\\/\\\/www.cloe-assist.eu\\\/cloe-assist\\\/#organization\",\"name\":\"Cloe Assist\",\"url\":\"https:\\\/\\\/www.cloe-assist.eu\\\/cloe-assist\\\/\",\"logo\":{\"@type\":\"ImageObject\",\"inLanguage\":\"fr-FR\",\"@id\":\"https:\\\/\\\/www.cloe-assist.eu\\\/cloe-assist\\\/#\\\/schema\\\/logo\\\/image\\\/\",\"url\":\"https:\\\/\\\/www.cloe-assist.eu\\\/cloe-assist\\\/wp-content\\\/uploads\\\/2022\\\/06\\\/logo-cloe-assist.png\",\"contentUrl\":\"https:\\\/\\\/www.cloe-assist.eu\\\/cloe-assist\\\/wp-content\\\/uploads\\\/2022\\\/06\\\/logo-cloe-assist.png\",\"width\":500,\"height\":112,\"caption\":\"Cloe Assist\"},\"image\":{\"@id\":\"https:\\\/\\\/www.cloe-assist.eu\\\/cloe-assist\\\/#\\\/schema\\\/logo\\\/image\\\/\"},\"sameAs\":[\"https:\\\/\\\/www.facebook.com\\\/cloeassist\"]}]}<\/script>\n<!-- \/ Yoast SEO plugin. -->","yoast_head_json":{"title":"Qui suis-je ? - Cloe Assist","robots":{"index":"index","follow":"follow","max-snippet":"max-snippet:-1","max-image-preview":"max-image-preview:large","max-video-preview":"max-video-preview:-1"},"canonical":"https:\/\/www.cloe-assist.eu\/cloe-assist\/qui-suis-je\/","og_locale":"fr_FR","og_type":"article","og_title":"Qui suis-je ? - Cloe Assist","og_description":"De nature organis\u00e9e, polyvalente et dynamique, j\u2019ai souhait\u00e9 mettre mes comp\u00e9tences au service des entreprises afin qu\u2019elles puissent se consacrer \u00e0 l\u2019essentiel de leur activit\u00e9. J\u2019ai toujours eu \u00e0 c\u0153ur d\u2019assister de la mani\u00e8re la plus efficace possible, toutes les personnes avec qui j\u2019ai pu collaborer. Titulaire d\u2019une licence de langues (anglais \/ allemand) et [&hellip;]","og_url":"https:\/\/www.cloe-assist.eu\/cloe-assist\/qui-suis-je\/","og_site_name":"Cloe Assist","article_publisher":"https:\/\/www.facebook.com\/cloeassist","article_modified_time":"2022-07-18T09:14:24+00:00","twitter_card":"summary_large_image","twitter_misc":{"Dur\u00e9e de lecture estim\u00e9e":"7 minutes"},"schema":{"@context":"https:\/\/schema.org","@graph":[{"@type":"WebPage","@id":"https:\/\/www.cloe-assist.eu\/cloe-assist\/qui-suis-je\/","url":"https:\/\/www.cloe-assist.eu\/cloe-assist\/qui-suis-je\/","name":"Qui suis-je ? - Cloe Assist","isPartOf":{"@id":"https:\/\/www.cloe-assist.eu\/cloe-assist\/#website"},"datePublished":"2022-06-27T14:39:21+00:00","dateModified":"2022-07-18T09:14:24+00:00","breadcrumb":{"@id":"https:\/\/www.cloe-assist.eu\/cloe-assist\/qui-suis-je\/#breadcrumb"},"inLanguage":"fr-FR","potentialAction":[{"@type":"ReadAction","target":["https:\/\/www.cloe-assist.eu\/cloe-assist\/qui-suis-je\/"]}]},{"@type":"BreadcrumbList","@id":"https:\/\/www.cloe-assist.eu\/cloe-assist\/qui-suis-je\/#breadcrumb","itemListElement":[{"@type":"ListItem","position":1,"name":"Accueil","item":"https:\/\/www.cloe-assist.eu\/cloe-assist\/"},{"@type":"ListItem","position":2,"name":"Qui suis-je ?"}]},{"@type":"WebSite","@id":"https:\/\/www.cloe-assist.eu\/cloe-assist\/#website","url":"https:\/\/www.cloe-assist.eu\/cloe-assist\/","name":"Cloe Assist","description":"Votre couteau suisse administratif","publisher":{"@id":"https:\/\/www.cloe-assist.eu\/cloe-assist\/#organization"},"potentialAction":[{"@type":"SearchAction","target":{"@type":"EntryPoint","urlTemplate":"https:\/\/www.cloe-assist.eu\/cloe-assist\/?s={search_term_string}"},"query-input":{"@type":"PropertyValueSpecification","valueRequired":true,"valueName":"search_term_string"}}],"inLanguage":"fr-FR"},{"@type":"Organization","@id":"https:\/\/www.cloe-assist.eu\/cloe-assist\/#organization","name":"Cloe Assist","url":"https:\/\/www.cloe-assist.eu\/cloe-assist\/","logo":{"@type":"ImageObject","inLanguage":"fr-FR","@id":"https:\/\/www.cloe-assist.eu\/cloe-assist\/#\/schema\/logo\/image\/","url":"https:\/\/www.cloe-assist.eu\/cloe-assist\/wp-content\/uploads\/2022\/06\/logo-cloe-assist.png","contentUrl":"https:\/\/www.cloe-assist.eu\/cloe-assist\/wp-content\/uploads\/2022\/06\/logo-cloe-assist.png","width":500,"height":112,"caption":"Cloe Assist"},"image":{"@id":"https:\/\/www.cloe-assist.eu\/cloe-assist\/#\/schema\/logo\/image\/"},"sameAs":["https:\/\/www.facebook.com\/cloeassist"]}]}},"_links":{"self":[{"href":"https:\/\/www.cloe-assist.eu\/cloe-assist\/wp-json\/wp\/v2\/pages\/226","targetHints":{"allow":["GET"]}}],"collection":[{"href":"https:\/\/www.cloe-assist.eu\/cloe-assist\/wp-json\/wp\/v2\/pages"}],"about":[{"href":"https:\/\/www.cloe-assist.eu\/cloe-assist\/wp-json\/wp\/v2\/types\/page"}],"author":[{"embeddable":true,"href":"https:\/\/www.cloe-assist.eu\/cloe-assist\/wp-json\/wp\/v2\/users\/1"}],"replies":[{"embeddable":true,"href":"https:\/\/www.cloe-assist.eu\/cloe-assist\/wp-json\/wp\/v2\/comments?post=226"}],"version-history":[{"count":14,"href":"https:\/\/www.cloe-assist.eu\/cloe-assist\/wp-json\/wp\/v2\/pages\/226\/revisions"}],"predecessor-version":[{"id":818,"href":"https:\/\/www.cloe-assist.eu\/cloe-assist\/wp-json\/wp\/v2\/pages\/226\/revisions\/818"}],"wp:attachment":[{"href":"https:\/\/www.cloe-assist.eu\/cloe-assist\/wp-json\/wp\/v2\/media?parent=226"}],"curies":[{"name":"wp","href":"https:\/\/api.w.org\/{rel}","templated":true}]}}